{"id":1147,"date":"2017-08-14T14:37:18","date_gmt":"2017-08-14T12:37:18","guid":{"rendered":"http:\/\/www.vectornordic.com\/?page_id=1147"},"modified":"2026-04-23T11:50:56","modified_gmt":"2026-04-23T09:50:56","slug":"finansielle-oplysninger","status":"publish","type":"page","link":"https:\/\/www.vectornordic.com\/da\/finansielle-oplysninger\/","title":{"rendered":"Finansielle oplysninger"},"content":{"rendered":"\n<style type=\"text\/css\" data-created_by=\"avia_inline_auto\" id=\"style-css-av-36bogr-bb12cf8273d26641b7cfdb67eb4c9437\">\n.flex_column.av-36bogr-bb12cf8273d26641b7cfdb67eb4c9437{\n-webkit-border-radius:0px 0px 0px 0px;\n-moz-border-radius:0px 0px 0px 0px;\nborder-radius:0px 0px 0px 0px;\npadding:0px 0px 0px 0px;\n}\n<\/style>\n<div class='flex_column av-36bogr-bb12cf8273d26641b7cfdb67eb4c9437 av_one_full  avia-builder-el-0  avia-builder-el-no-sibling  first flex_column_div av-zero-column-padding '     ><section  class='av_textblock_section av-jui4rxe6-5d00a0643fc86c7addb06ea04493c489'  itemscope=\"itemscope\" itemtype=\"https:\/\/schema.org\/CreativeWork\" ><div class='avia_textblock'  itemprop=\"text\" ><h3>FINANSIELLE OPLYSNINGER<\/h3>\n<p>I 2015 indledte Vector arbejdet med at ans\u00f8ge om de n\u00f8dvendige tilladelser hos den svenske Finansinspektion for at kunne drive forretning som forsikringsselskab. Efter en n\u00e6rmere evaluering af denne proces stod det dog klart, at tids- og ressourceforbruget samt anskaffelse af den n\u00f8dvendige egenkapital for at kunne opfylde de g\u00e6ldende krav ville medf\u00f8re en l\u00e6ngere opstartsfase end planlagt.<\/p>\n<p>Hele selskabets to f\u00f8rste regnskabs\u00e5r (2015 og 2016) blev brugt p\u00e5 at forberede den planlagte forsikringsvirksomhed. Selskabet havde ingen indt\u00e6gter i denne periode. F\u00f8rst i 2017, hvor formidlingen kom i gang, er man begyndt at f\u00e5 indt\u00e6gter.<\/p>\n<p>Selskabet anvender regnskabspraksis, der er i overensstemmelse med den svenske Bokf\u00f6ringsn\u00e4mndens generelle r\u00e5d (BFNAR 2012:1). \u00c5rsregnskab og koncernregnskab (K3) med \u00e6ndringer i henhold til BFNAR 2016:09.<\/p>\n<p><span style=\"color: #333333;\">Aflagte \u00e5rsregnskaber kan downloades her:<\/span><\/p>\n<p><a href=\"https:\/\/www.vectornordic.com\/wp-content\/uploads\/2026\/04\/Invitation-to-AGM-Vector-2026-05-21.pdf\" target=\"_blank\" rel=\"noopener\">Invitation to AGM Vector 2026-05-21<\/a><\/p>\n<p><a href=\"https:\/\/www.vectornordic.com\/wp-content\/uploads\/2026\/04\/Kallelse-till-arsstamma-Vector-2026-05-21.pdf\" target=\"_blank\" rel=\"noopener\">Kallelse till \u00e5rsst\u00e4mma Vector 2026-05-21<\/a><\/p>\n<p><a href=\"https:\/\/www.vectornordic.com\/wp-content\/uploads\/2026\/04\/Arsredovisning-Vector-Nordic-AB-2025-ENG-1.pdf\">Annual Report in English 2025 (translation)<\/a><\/p>\n<p><a href=\"https:\/\/www.vectornordic.com\/wp-content\/uploads\/2025\/04\/Annual-Report-2024-translation-in-English.pdf\" target=\"_blank\" rel=\"noopener\">Annual Report in English (translation)<\/a><\/p>\n<p><a href=\"https:\/\/www.vectornordic.com\/wp-content\/uploads\/2025\/04\/Arsredovisning-Vector-Nordic-AB-2023-ENG-Final.pdf\">\u00c5rsregnskab 2023<\/a><\/p>\n<p><a href=\"https:\/\/www.vectornordic.com\/wp-content\/uploads\/2023\/04\/Arsredovisning-Vector-Nordic-AB-2022-ENG-Final.pdf\" target=\"_blank\" rel=\"noopener\">\u00c5rsregnskab 2022 <\/a><\/p>\n<p><span style=\"color: #333333;\"><a style=\"color: #333333;\" href=\"https:\/\/www.vectornordic.com\/wp-content\/uploads\/2022\/03\/\u00c5rsredovisning-Vector-Nordic-AB-2021-sign.pdf\" target=\"_blank\" rel=\"noopener\">\u00c5rsregnskab<\/a><a style=\"color: #333333;\" href=\"https:\/\/www.vectornordic.com\/wp-content\/uploads\/2022\/03\/\u00c5rsredovisning-Vector-Nordic-AB-2021-sign.pdf\">\u00a02021<\/a><\/span><\/p>\n<p><span style=\"color: #333333;\"><a style=\"color: #333333;\" href=\"https:\/\/www.vectornordic.com\/wp-content\/uploads\/2021\/03\/A\u030arsredovisning-Vector-Nordic-AB-2020-signerad.pdf\" target=\"_blank\" rel=\"noopener\">A\u030arsregnskab 2020<\/a><\/span><\/p>\n<\/div><\/section><\/div>\n","protected":false},"excerpt":{"rendered":"","protected":false},"author":2,"featured_media":0,"parent":0,"menu_order":0,"comment_status":"open","ping_status":"open","template":"","meta":[],"_links":{"self":[{"href":"https:\/\/www.vectornordic.com\/da\/wp-json\/wp\/v2\/pages\/1147"}],"collection":[{"href":"https:\/\/www.vectornordic.com\/da\/wp-json\/wp\/v2\/pages"}],"about":[{"href":"https:\/\/www.vectornordic.com\/da\/wp-json\/wp\/v2\/types\/page"}],"author":[{"embeddable":true,"href":"https:\/\/www.vectornordic.com\/da\/wp-json\/wp\/v2\/users\/2"}],"replies":[{"embeddable":true,"href":"https:\/\/www.vectornordic.com\/da\/wp-json\/wp\/v2\/comments?post=1147"}],"version-history":[{"count":41,"href":"https:\/\/www.vectornordic.com\/da\/wp-json\/wp\/v2\/pages\/1147\/revisions"}],"predecessor-version":[{"id":3807,"href":"https:\/\/www.vectornordic.com\/da\/wp-json\/wp\/v2\/pages\/1147\/revisions\/3807"}],"wp:attachment":[{"href":"https:\/\/www.vectornordic.com\/da\/wp-json\/wp\/v2\/media?parent=1147"}],"curies":[{"name":"wp","href":"https:\/\/api.w.org\/{rel}","templated":true}]}}