{"id":1840,"date":"2019-05-20T17:01:19","date_gmt":"2019-05-20T15:01:19","guid":{"rendered":"https:\/\/www.vectornordic.com\/?page_id=1840"},"modified":"2021-04-26T15:28:30","modified_gmt":"2021-04-26T13:28:30","slug":"vector-nordic","status":"publish","type":"page","link":"https:\/\/www.vectornordic.com\/et\/vector-nordic\/","title":{"rendered":"Vector Nordic"},"content":{"rendered":"<div id='av-layout-grid-1'  class='av-layout-grid-container av-rk4zl-3041ee654fd856e2efe33562d6588588 entry-content-wrapper main_color av-flex-cells  avia-builder-el-0  avia-builder-el-no-sibling   container_wrap fullsize'  >\n\n<style type=\"text\/css\" data-created_by=\"avia_inline_auto\" id=\"style-css-av-mateh-ab029100faa13550deb0af780d577905\">\n.flex_cell.av-mateh-ab029100faa13550deb0af780d577905{\nvertical-align:top;\nbackground:url(https:\/\/www.vectornordic.com\/wp-content\/uploads\/2017\/05\/1380824.jpg) 100% 0% no-repeat scroll ;\n}\n.responsive #top #wrap_all .flex_cell.av-mateh-ab029100faa13550deb0af780d577905{\npadding:300px 300px 300px 300px !important;\n}\n<\/style>\n<div class='flex_cell av-mateh-ab029100faa13550deb0af780d577905 av-gridrow-cell av_one_half no_margin  avia-builder-el-1  el_before_av_cell_one_half  avia-builder-el-first ' ><div class='flex_cell_inner'><\/div><\/div>\n<style type=\"text\/css\" data-created_by=\"avia_inline_auto\" id=\"style-css-av-ef9u9-aba723bb3ec81c13f77baa8e5c664b8f\">\n.flex_cell.av-ef9u9-aba723bb3ec81c13f77baa8e5c664b8f{\nvertical-align:top;\n}\n.responsive #top #wrap_all .flex_cell.av-ef9u9-aba723bb3ec81c13f77baa8e5c664b8f{\npadding:30px 30px 30px 30px !important;\n}\n<\/style>\n<div class='flex_cell av-ef9u9-aba723bb3ec81c13f77baa8e5c664b8f av-gridrow-cell av_one_half no_margin  avia-builder-el-2  el_after_av_cell_one_half  avia-builder-el-last ' ><div class='flex_cell_inner'><section  class='av_textblock_section av-jw1witzj-6944b825d8995b88d8481b5602c6d8dc'  itemscope=\"itemscope\" itemtype=\"https:\/\/schema.org\/CreativeWork\" ><div class='avia_textblock'  itemprop=\"text\" ><p><span lang=\"FI\" style=\"margin: 0px; color: #444444; font-family: 'Open Sans';\">P\u00e4rast mitmeid aastaid otsimist, et leida lihtsat v\u00f5imalust, mis v\u00f5imaldaks reisib\u00fcroodel ja reisikorraldajatel t\u00e4ita kohustuslikke garantiin\u00f5udeid reisialal tegutsemiseks, moodustas Rootsi reisiala liit (SRF) 2015. aastal ettev\u00f5tte Vector Nordic AB (Vector). Vector ei ole kindlustusselts, nagu n\u00e4gi ette esialgne visioon. Tegu on seotud kindlustusmaakleriga, kes t\u00f6\u00f6tab koost\u00f6\u00f6s kindlustusseltsiga Gar-Bo F\u00f6rs\u00e4kring AB. Alates 2017. a. saavad Rootsi reisib\u00fcrood ja reisi-korraldajad osta Vectori kaudu Gar-Bo kindlustust, mis pakub reisiettev\u00f5tjatele garantiid Euroopa pakettreisidirektiivist tuleneva tagatiskohustuse t\u00e4itmiseks, aga ka garantiisid IATA-le, SilverRail-ile jt. V\u00f5imalus selle teenuse kasutamiseks on t\u00e4na ka reisib\u00fcroodel ja reisikorraldajatel Taanis, Eestis, Soomes, Islandil ja Norras. N\u00f5utava tagatise olemasolu kontrollib Eestis Tarbijakaitse ja Tehnilise J\u00e4relevalve Amet ning teistes riikides vastavad j\u00e4relevalveorganisatsioonid.<\/span><\/p>\n<p><span lang=\"FI\" style=\"margin: 0px; color: #444444; font-family: 'Open Sans';\">Vectori praegusteks omanikeks on SRF, Gar-Bo, reisiala liidud Soomes (SMAL) ja Eestis (ETFL), ca. 70 reisib\u00fcrood ja reisikorraldajat P\u00f5hjamaadest ja Eestist. Vector ja Gar-Bo on s\u00f5lminud mitmeaastase koost\u00f6\u00f6lepingu, mille kohaselt Vector tegutseb Gar-Bo garantiikindlustuse seotud maaklerina. Vectori tugevus reisigarantiide turul seisneb selles, et tema omanikeks on reisialal tegutsevad ettev\u00f5tjad ning liidud ja ta on s\u00f5lminud pikaajalise koost\u00f6\u00f6lepingu Gar-Bo kindlustusseltsiga.<\/span><\/p>\n<p><span lang=\"EN-US\" style=\"margin: 0px; font-family: 'Open Sans';\"><a href=\"http:\/\/www.vectornordic.com\/et\/vector-nordic\/juhatus\">Juhatus<\/a><\/span><\/p>\n<p><span lang=\"EN-US\" style=\"margin: 0px; font-family: 'Open Sans';\"><a href=\"http:\/\/www.vectornordic.com\/et\/vector-nordiv\/juriidiline-teave\/\">Juriidiline teave<\/a><\/span><\/p>\n<\/div><\/section>\n<\/div><\/div><\/div>\n","protected":false},"excerpt":{"rendered":"","protected":false},"author":2,"featured_media":0,"parent":0,"menu_order":0,"comment_status":"closed","ping_status":"closed","template":"","meta":[],"_links":{"self":[{"href":"https:\/\/www.vectornordic.com\/et\/wp-json\/wp\/v2\/pages\/1840"}],"collection":[{"href":"https:\/\/www.vectornordic.com\/et\/wp-json\/wp\/v2\/pages"}],"about":[{"href":"https:\/\/www.vectornordic.com\/et\/wp-json\/wp\/v2\/types\/page"}],"author":[{"embeddable":true,"href":"https:\/\/www.vectornordic.com\/et\/wp-json\/wp\/v2\/users\/2"}],"replies":[{"embeddable":true,"href":"https:\/\/www.vectornordic.com\/et\/wp-json\/wp\/v2\/comments?post=1840"}],"version-history":[{"count":8,"href":"https:\/\/www.vectornordic.com\/et\/wp-json\/wp\/v2\/pages\/1840\/revisions"}],"predecessor-version":[{"id":2818,"href":"https:\/\/www.vectornordic.com\/et\/wp-json\/wp\/v2\/pages\/1840\/revisions\/2818"}],"wp:attachment":[{"href":"https:\/\/www.vectornordic.com\/et\/wp-json\/wp\/v2\/media?parent=1840"}],"curies":[{"name":"wp","href":"https:\/\/api.w.org\/{rel}","templated":true}]}}