{"id":1886,"date":"2019-05-23T16:34:07","date_gmt":"2019-05-23T14:34:07","guid":{"rendered":"https:\/\/www.vectornordic.com\/?page_id=1886"},"modified":"2026-04-16T18:12:17","modified_gmt":"2026-04-16T16:12:17","slug":"finantsteave","status":"publish","type":"page","link":"https:\/\/www.vectornordic.com\/et\/finantsteave\/","title":{"rendered":"Finantsteave"},"content":{"rendered":"\n<style type=\"text\/css\" data-created_by=\"avia_inline_auto\" id=\"style-css-av-365ozi-61bcd2f8c433c9a8650145e8c5a5a264\">\n.flex_column.av-365ozi-61bcd2f8c433c9a8650145e8c5a5a264{\n-webkit-border-radius:0px 0px 0px 0px;\n-moz-border-radius:0px 0px 0px 0px;\nborder-radius:0px 0px 0px 0px;\npadding:0px 0px 0px 0px;\n}\n<\/style>\n<div class='flex_column av-365ozi-61bcd2f8c433c9a8650145e8c5a5a264 av_one_full  avia-builder-el-0  avia-builder-el-no-sibling  first flex_column_div av-zero-column-padding '     ><section  class='av_textblock_section av-2qphu6-e807461f16a97ec22cf53744ee12c23a'  itemscope=\"itemscope\" itemtype=\"https:\/\/schema.org\/CreativeWork\" ><div class='avia_textblock'  itemprop=\"text\" ><h3>FINANTSTEAVE<\/h3>\n<p><span lang=\"FI\" style=\"margin: 0px; color: #444444; font-family: 'Open Sans';\">Vector alustas tegevust 2015, taodeldes Rootsi Finantsinspektsioonilt luba kindlustustegevusega tegelemiseks. Seda protsessi l\u00e4hemalt hinnates sai siiski selgeks, et aega, ressursikasutust ning omakapitali hankimist silmas pidades l\u00e4heks protsess oluliselt pikemaks algselt plaanitust.<\/span><\/p>\n<p><span lang=\"FI\" style=\"margin: 0px; color: #444444; font-family: 'Open Sans';\">Ettev\u00f5tte kaks esimest finantsaastat (2015 ja 2016) p\u00fchendati tervikuna planeeritud kindlustustegevuse ettevalmistamisele. Neil aastatel ei olnud ettev\u00f5ttel tulusid. M\u00fc\u00fcgitulusid hakkas ettev\u00f5te saama aastal 2017, kui alustas kindlustusmaakleri tegevusega. Eelnevate<\/span><span style=\"margin: 0px; color: #444444; font-family: 'Open Sans';\"> aastate tegevuskulud suuruses ca. 1,2 milj. SEK on kuludesse kantud. <\/span><span lang=\"FI\" style=\"margin: 0px; color: #444444; font-family: 'Open Sans';\">Seisuga 31.12.2016 oli aktsiakapitali suurus 0,9 milj. SEK, l\u00e4bi uue emissiooni t\u00f5steti see 2,9 milj. SEK-ni.<\/span><\/p>\n<p><span lang=\"FI\" style=\"margin: 0px; color: #444444; font-family: 'Open Sans';\">Ettev\u00f5te rakendab oma raamatupidamises Rootsi Raamatupidamisstandardite N\u00f5ukogu \u00fcldjuhiseid BFNAR 2012:1. \u201dAasta- ja konsolideeritud aruanded (K3)\u201d koos t\u00e4iendustega BFNAR 2016:09.<\/span><\/p>\n<p><span lang=\"FI\" style=\"margin: 0px; color: #444444; font-family: 'Open Sans';\">Aastaaruanded on leitavad siit:<\/span><\/p>\n<p><a href=\"https:\/\/www.vectornordic.com\/wp-content\/uploads\/2025\/04\/Invitation-to-AGM-Vector-2025-05-09-1.pdf\" target=\"_blank\" rel=\"noopener\">Invitation to AGM Vector 2025-05-09<\/a><\/p>\n<p><a href=\"https:\/\/www.vectornordic.com\/wp-content\/uploads\/2025\/04\/Fullmakt-Power-of-Attorney-2025.docx\" target=\"_blank\" rel=\"noopener\">Fullmakt-Power of Attorney 2025<\/a><\/p>\n<p><a href=\"https:\/\/www.vectornordic.com\/wp-content\/uploads\/2026\/04\/Annual-Report-Vector-Nordic-AB-2025_Translation-in-English.pdf\">Annual Report 2025 translation in English<\/a><\/p>\n<p><a href=\"https:\/\/www.vectornordic.com\/wp-content\/uploads\/2025\/04\/Annual-Report-2024-translation-in-English.pdf\" target=\"_blank\" rel=\"noopener\">Annual Report 2024 translation in English<\/a><\/p>\n<p><a href=\"https:\/\/www.vectornordic.com\/wp-content\/uploads\/2025\/04\/Arsredovisning-Vector-Nordic-AB-2023-ENG-Final.pdf\">Annual Report 2023 translation in English<\/a><\/p>\n<p><a href=\"https:\/\/www.vectornordic.com\/wp-content\/uploads\/2023\/04\/Arsredovisning-Vector-Nordic-AB-2022-ENG-Final.pdf\" target=\"_blank\" rel=\"noopener\">Annual Report 2022 translation in English<\/a><\/p>\n<p><span style=\"color: #333333;\"><a style=\"color: #333333;\" href=\"https:\/\/www.vectornordic.com\/wp-content\/uploads\/2022\/03\/\u00c5rsredovisning-Vector-Nordic-AB-2021-ENG.pdf\">Annual Report 2021 translation in English<\/a><\/span><\/p>\n<p><span style=\"color: #333333;\"><a style=\"color: #333333;\" href=\"https:\/\/www.vectornordic.com\/wp-content\/uploads\/2021\/03\/\u00c5rsredovisning-Vector-Nordic-AB-2020-ENG-1.pdf\" target=\"_blank\" rel=\"noopener\">Annual Report 2020 translation in English<\/a><\/span><\/p>\n<\/div><\/section><\/div>\n","protected":false},"excerpt":{"rendered":"","protected":false},"author":2,"featured_media":0,"parent":0,"menu_order":0,"comment_status":"open","ping_status":"open","template":"","meta":[],"_links":{"self":[{"href":"https:\/\/www.vectornordic.com\/et\/wp-json\/wp\/v2\/pages\/1886"}],"collection":[{"href":"https:\/\/www.vectornordic.com\/et\/wp-json\/wp\/v2\/pages"}],"about":[{"href":"https:\/\/www.vectornordic.com\/et\/wp-json\/wp\/v2\/types\/page"}],"author":[{"embeddable":true,"href":"https:\/\/www.vectornordic.com\/et\/wp-json\/wp\/v2\/users\/2"}],"replies":[{"embeddable":true,"href":"https:\/\/www.vectornordic.com\/et\/wp-json\/wp\/v2\/comments?post=1886"}],"version-history":[{"count":24,"href":"https:\/\/www.vectornordic.com\/et\/wp-json\/wp\/v2\/pages\/1886\/revisions"}],"predecessor-version":[{"id":3716,"href":"https:\/\/www.vectornordic.com\/et\/wp-json\/wp\/v2\/pages\/1886\/revisions\/3716"}],"wp:attachment":[{"href":"https:\/\/www.vectornordic.com\/et\/wp-json\/wp\/v2\/media?parent=1886"}],"curies":[{"name":"wp","href":"https:\/\/api.w.org\/{rel}","templated":true}]}}