{"id":1890,"date":"2019-05-23T16:36:23","date_gmt":"2019-05-23T14:36:23","guid":{"rendered":"https:\/\/www.vectornordic.com\/?page_id=1890"},"modified":"2024-10-31T14:06:33","modified_gmt":"2024-10-31T13:06:33","slug":"juriidiline-teave","status":"publish","type":"page","link":"https:\/\/www.vectornordic.com\/et\/vector-nordic\/juriidiline-teave\/","title":{"rendered":"Juriidiline teave"},"content":{"rendered":"<section  class='av_textblock_section av-jw0rifq3-663723e938d423a5429bb918efaaf818'  itemscope=\"itemscope\" itemtype=\"https:\/\/schema.org\/CreativeWork\" ><div class='avia_textblock'  itemprop=\"text\" ><h3>JURIIDILINE TEAVE<\/h3>\n<p><span lang=\"FI\" style=\"margin: 0px; color: #444444; font-family: 'Open Sans';\">Vastavalt lepingule, mille pooled on Vector Nordic AB, reg.No 559006-0496, ja Gar-Bo F\u00f6rs\u00e4kring AB, vahendab Vector seotud kindlustusmaaklerina Gar-Bo maksegarantiide kindlustust. Vector Nordic AB on registreeritud Rootsi ettev\u00f5tteregistris (Bolagsverket) seotud kindlustusmaaklerina. <\/span><span style=\"margin: 0px; color: #444444; font-family: 'Open Sans';\">Infot registriandmete kohta on v\u00f5imalik saada: Bolagsverket, 851 81 Sundsvall v\u00f5i <\/span><b><span style=\"margin: 0px; font-family: 'Open Sans';\"><a href=\"http:\/\/www.bolagsverket.se\/\" target=\"_blank\" rel=\"noopener noreferrer\">www.bolagsverket.se<\/a><\/span><\/b><span style=\"margin: 0px; color: #444444; font-family: 'Open Sans';\">.<\/span><\/p>\n<p><span style=\"margin: 0px; color: #444444; font-family: 'Open Sans';\">Kindlustusvahendust reguleerib Rootsis Kindlustusvahenduse seadus (Lag om f\u00f6rs\u00e4kringsf\u00f6rmedling 2005:405), kindlustusvahenduse m\u00e4\u00e4rus (F\u00f6rordning om f\u00f6rs\u00e4kringsf\u00f6rmedling 2005:411) ning Rootsi finantsinspektsiooni juhised ja \u00fcldine kindlustusvahenduse eeskiri (Finansinspektionens f\u00f6reskrifter och allm\u00e4nna r\u00e5d om f\u00f6rs\u00e4kringsf\u00f6rmedling (FFFS 2005:11)).<\/span><\/p>\n<p><span style=\"margin: 0px; color: #444444; font-family: 'Open Sans';\">Gar-Bo F\u00f6rs\u00e4kring AB vastutab kliendile, kindlustajale v\u00f5i kolmandale osapoolele, kellele laienevad kliendi \u00f5igused, tekkinud majandusliku kahju eest, mis tuleneb Vectori tahtlikust tegevusest v\u00f5i hooletusest enda kohustuste t\u00e4itmisel, mida n\u00e4eb ette Kindlustusvahenduse seadus pt.5 lg.4.<\/span><\/p>\n<p><span lang=\"FI\" style=\"margin: 0px; color: #444444; font-family: 'Open Sans';\">Vector saab h\u00fcvitist vahendustegevuse eest komisjonitasuna, mida maksab Gar-Bo ja mis on osa kindlustusmaksest. Kindlustusmaksed m\u00e4\u00e4ratakse viisil, mida kirjeldatakse selle veebilehe jaotistes <\/span><b><span lang=\"FI\" style=\"margin: 0px; font-family: 'Open Sans';\"><a href=\"https:\/\/www.vectornordic.com\/et\/sakerhet\/kindlustustingimused\/\">Garantiid\/Tingimused<\/a><\/span><\/b><\/p>\n<h3><\/h3>\n<h3><strong>KAEBUSED<\/strong><\/h3>\n<p>Kliendid on meie k\u00f5ige kallim vara ning p\u00fc\u00fcame tagada k\u00f5ikide klientide rahulolu meie teenustega. Kui te siiski ei ole rahul sellega, kuidas oleme teie asja k\u00e4sitlenud, siis on oluline, et v\u00f5taksite meiega \u00fchendust niipea kui v\u00f5imalik.<\/p>\n<p><u>Kontaktid<\/u><\/p>\n<p>Kaebuste k\u00e4sitlemise eest vastutav isik :<\/p>\n<p>Vector Nordic AB tegevjuht<\/p>\n<p>Pao-Ling R\u00f6jdmark<br \/>\n+46 8 448 45 91<br \/>\n<a href=\"mailto:paoling.rojdmark@vectornordic.com\">paoling.rojdmark@vectornordic.com<\/a><\/p>\n<p><strong>VECTOR NORDIC AB<\/strong><br \/>\n\u00d6stermalmstorg 1<br \/>\n114 42 Stockholm<\/p>\n<p>Kui teie kaebus puudutab lihtsat eksimust v\u00f5i arusaamatust, parandame selle esimesel v\u00f5imalusel. Kui meil ei ole v\u00f5imalik vastata teie kaebusele 14 p\u00e4eva jooksul kaebuse saamisest, siis teavitame teid ja saadame info kaebuse edasise k\u00e4sitlemise kohta.<\/p>\n<p>Vector Nordic on Gar-Bo F\u00f6rs\u00e4kring AB seotud kindlustusvahendaja. Seep\u00e4rast v\u00f5ib osutuda vajalikuks teie kaebuse edastamine kindlusettev\u00f5ttele edasiseks k\u00e4sitlemiseks.<\/p>\n<p>Kaebus peab olema esitatud kirjalikus vormis koos detailidega, millega t\u00e4psemalt te rahul ei ole. Kaebusele tuleb lisada seotud dokumendid ning teave, kellega ja millal olete sellega seoses \u00fchendust v\u00f5tnud.<\/p>\n<\/div><\/section>\n","protected":false},"excerpt":{"rendered":"","protected":false},"author":2,"featured_media":0,"parent":1840,"menu_order":0,"comment_status":"closed","ping_status":"closed","template":"","meta":[],"_links":{"self":[{"href":"https:\/\/www.vectornordic.com\/et\/wp-json\/wp\/v2\/pages\/1890"}],"collection":[{"href":"https:\/\/www.vectornordic.com\/et\/wp-json\/wp\/v2\/pages"}],"about":[{"href":"https:\/\/www.vectornordic.com\/et\/wp-json\/wp\/v2\/types\/page"}],"author":[{"embeddable":true,"href":"https:\/\/www.vectornordic.com\/et\/wp-json\/wp\/v2\/users\/2"}],"replies":[{"embeddable":true,"href":"https:\/\/www.vectornordic.com\/et\/wp-json\/wp\/v2\/comments?post=1890"}],"version-history":[{"count":11,"href":"https:\/\/www.vectornordic.com\/et\/wp-json\/wp\/v2\/pages\/1890\/revisions"}],"predecessor-version":[{"id":3453,"href":"https:\/\/www.vectornordic.com\/et\/wp-json\/wp\/v2\/pages\/1890\/revisions\/3453"}],"up":[{"embeddable":true,"href":"https:\/\/www.vectornordic.com\/et\/wp-json\/wp\/v2\/pages\/1840"}],"wp:attachment":[{"href":"https:\/\/www.vectornordic.com\/et\/wp-json\/wp\/v2\/media?parent=1890"}],"curies":[{"name":"wp","href":"https:\/\/api.w.org\/{rel}","templated":true}]}}