{"id":765,"date":"2017-08-09T14:38:17","date_gmt":"2017-08-09T12:38:17","guid":{"rendered":"http:\/\/www.vectornordic.com\/?page_id=765"},"modified":"2017-08-17T12:25:42","modified_gmt":"2017-08-17T10:25:42","slug":"etusivu","status":"publish","type":"page","link":"https:\/\/www.vectornordic.com\/fi\/","title":{"rendered":"Etusivu"},"content":{"rendered":"<div id='full_slider_1'  class='avia-fullwidth-slider main_color avia-shadow   avia-builder-el-0  el_before_av_section  avia-builder-el-first   container_wrap fullsize'  ><div  class='avia-slideshow av-av_slideshow_full-43ade9aaa07fbc3dcd7bf07ad114380a avia-slideshow-featured_large av_slideshow_full avia-fade-slider av-slideshow-ui av-control-minimal av-slideshow-autoplay av-loop-endless av-loop-manual-endless av-default-height-applied   avia-slideshow-1' data-slideshow-options=\"{&quot;animation&quot;:&quot;fade&quot;,&quot;autoplay&quot;:true,&quot;loop_autoplay&quot;:&quot;endless&quot;,&quot;interval&quot;:5,&quot;loop_manual&quot;:&quot;manual-endless&quot;,&quot;autoplay_stopper&quot;:false,&quot;noNavigation&quot;:false,&quot;bg_slider&quot;:false,&quot;keep_padding&quot;:false,&quot;hoverpause&quot;:false,&quot;show_slide_delay&quot;:0}\"  itemprop=\"image\" itemscope=\"itemscope\" itemtype=\"https:\/\/schema.org\/ImageObject\" ><ul class='avia-slideshow-inner ' style='padding-bottom: 22.900763358779%;'><li  class='avia-slideshow-slide av-av_slideshow_full-43ade9aaa07fbc3dcd7bf07ad114380a__0  av-single-slide slide-1 slide-odd'><div data-rel='slideshow-1' class='avia-slide-wrap '   ><img decoding=\"async\" class=\"wp-image-623 avia-img-lazy-loading-not-623\"  src=\"https:\/\/www.vectornordic.com\/wp-content\/uploads\/2015\/07\/shutterstock_561680152-2.jpg\" width=\"1310\" height=\"300\" title='shutterstock_561680152-2' alt=''  itemprop=\"thumbnailUrl\" srcset=\"https:\/\/www.vectornordic.com\/wp-content\/uploads\/2015\/07\/shutterstock_561680152-2.jpg 1310w, https:\/\/www.vectornordic.com\/wp-content\/uploads\/2015\/07\/shutterstock_561680152-2-300x69.jpg 300w, https:\/\/www.vectornordic.com\/wp-content\/uploads\/2015\/07\/shutterstock_561680152-2-768x176.jpg 768w, https:\/\/www.vectornordic.com\/wp-content\/uploads\/2015\/07\/shutterstock_561680152-2-1030x236.jpg 1030w, https:\/\/www.vectornordic.com\/wp-content\/uploads\/2015\/07\/shutterstock_561680152-2-705x161.jpg 705w, https:\/\/www.vectornordic.com\/wp-content\/uploads\/2015\/07\/shutterstock_561680152-2-450x103.jpg 450w\" sizes=\"(max-width: 1310px) 100vw, 1310px\" \/><\/div><\/li><\/ul><\/div><\/div>\n<div id='av_section_1'  class='avia-section av-av_section-43fa913dbbd7170bb5693496c11aa38b main_color avia-section-large avia-no-border-styling  avia-builder-el-1  el_after_av_slideshow_full  avia-builder-el-last  avia-bg-style-scroll container_wrap fullsize'  ><div class='container av-section-cont-open' ><div class='template-page content  av-content-full alpha units'><div class='post-entry post-entry-type-page post-entry-765'><div class='entry-content-wrapper clearfix'>\n\n<style type=\"text\/css\" data-created_by=\"avia_inline_auto\" id=\"style-css-av-av_one_full-d71a51a707c4656b37c9afbbd6138215\">\n.flex_column.av-av_one_full-d71a51a707c4656b37c9afbbd6138215{\n-webkit-border-radius:0px 0px 0px 0px;\n-moz-border-radius:0px 0px 0px 0px;\nborder-radius:0px 0px 0px 0px;\npadding:0px 0px 0px 0px;\n}\n<\/style>\n<div class='flex_column av-av_one_full-d71a51a707c4656b37c9afbbd6138215 av_one_full  avia-builder-el-2  avia-builder-el-no-sibling  first flex_column_div av-animated-generic bottom-to-top av-zero-column-padding '     ><section  class='av_textblock_section av-av_textblock-396ddf1f42196ca838231e61a4602801'  itemscope=\"itemscope\" itemtype=\"https:\/\/schema.org\/CreativeWork\" ><div class='avia_textblock'  itemprop=\"text\" ><p>Vector Nordic on matkailualan oma matkavakuuksien ja muiden vakuusvaatimusten vakuutusratkaisu. Gar-Bo F\u00f6rs\u00e4kring AB:n yhteisty\u00f6kumppanina vakuutuksenv\u00e4litt\u00e4j\u00e4 Vector tarjoaa pohjoismaisille matkatoimistoille ja matkanj\u00e4rjest\u00e4jille maksusitoumuksia, ensi k\u00e4dess\u00e4 matkavakuuksia, mutta my\u00f6s IATA:n tai muiden tahojen vaatimia vakuuksia.<\/p>\n<p>Vectorin kautta matkailuyritykset voivat hankkia vakuuksia kilpailukykyisin hinnoin ilman k\u00e4sittelymaksuja ja mahdollisimman pitk\u00e4lle ilman vastavakuita.<\/p>\n<p>Matkailualan oman vakuutusratkaisun Vectorin kautta voit helposti kattaa vakuustarpeesi, olipa sitten kyseess\u00e4 toistaiseksi voimassa olevat tai m\u00e4\u00e4r\u00e4aikaiset vakuudet. Voidaksesi saada tarjouksen ja lis\u00e4tietoa siirry otsikkoon <a href=\"http:\/\/www.vectornordic.com\/fi\/vakuudet\/\" target=\"_blank\" rel=\"noopener\"><b><span style=\"font-family: 'Open Sans',serif;\"><u><span style=\"color: #0000ff;\">Vakuudet<\/span><\/u><\/span><\/b><\/a><span style=\"color: #444444; font-family: 'Open Sans',serif;\">.<\/span><\/p>\n<\/div><\/section><\/div>\n","protected":false},"excerpt":{"rendered":"","protected":false},"author":2,"featured_media":0,"parent":0,"menu_order":0,"comment_status":"open","ping_status":"closed","template":"","meta":[],"_links":{"self":[{"href":"https:\/\/www.vectornordic.com\/fi\/wp-json\/wp\/v2\/pages\/765"}],"collection":[{"href":"https:\/\/www.vectornordic.com\/fi\/wp-json\/wp\/v2\/pages"}],"about":[{"href":"https:\/\/www.vectornordic.com\/fi\/wp-json\/wp\/v2\/types\/page"}],"author":[{"embeddable":true,"href":"https:\/\/www.vectornordic.com\/fi\/wp-json\/wp\/v2\/users\/2"}],"replies":[{"embeddable":true,"href":"https:\/\/www.vectornordic.com\/fi\/wp-json\/wp\/v2\/comments?post=765"}],"version-history":[{"count":6,"href":"https:\/\/www.vectornordic.com\/fi\/wp-json\/wp\/v2\/pages\/765\/revisions"}],"predecessor-version":[{"id":3615,"href":"https:\/\/www.vectornordic.com\/fi\/wp-json\/wp\/v2\/pages\/765\/revisions\/3615"}],"wp:attachment":[{"href":"https:\/\/www.vectornordic.com\/fi\/wp-json\/wp\/v2\/media?parent=765"}],"curies":[{"name":"wp","href":"https:\/\/api.w.org\/{rel}","templated":true}]}}