{"id":772,"date":"2017-08-09T14:50:12","date_gmt":"2017-08-09T12:50:12","guid":{"rendered":"http:\/\/www.vectornordic.com\/?page_id=772"},"modified":"2021-04-26T15:24:01","modified_gmt":"2021-04-26T13:24:01","slug":"tietoa-meista","status":"publish","type":"page","link":"https:\/\/www.vectornordic.com\/fi\/tietoa-meista\/","title":{"rendered":"Tietoa meist\u00e4"},"content":{"rendered":"<div id='av-layout-grid-1'  class='av-layout-grid-container av-av_layout_row-42fd8630215aff1cfd8b45bb424676b3 entry-content-wrapper main_color av-flex-cells  avia-builder-el-0  avia-builder-el-no-sibling   container_wrap fullsize'  >\n\n<style type=\"text\/css\" data-created_by=\"avia_inline_auto\" id=\"style-css-av-av_cell_one_half-5c65fd62bb54bf72f6020a7c33fa73b2\">\n.flex_cell.av-av_cell_one_half-5c65fd62bb54bf72f6020a7c33fa73b2{\nvertical-align:top;\nbackground:url(https:\/\/www.vectornordic.com\/wp-content\/uploads\/2017\/05\/1380824.jpg) 100% 0% no-repeat scroll ;\n}\n.responsive #top #wrap_all .flex_cell.av-av_cell_one_half-5c65fd62bb54bf72f6020a7c33fa73b2{\npadding:300px 300px 300px 300px !important;\n}\n<\/style>\n<div class='flex_cell av-av_cell_one_half-5c65fd62bb54bf72f6020a7c33fa73b2 av-gridrow-cell av_one_half no_margin  avia-builder-el-1  el_before_av_cell_one_half  avia-builder-el-first ' ><div class='flex_cell_inner'><\/div><\/div>\n<style type=\"text\/css\" data-created_by=\"avia_inline_auto\" id=\"style-css-av-av_cell_one_half-f57c70f9f5a63fd800eb5b955b847c2a\">\n.flex_cell.av-av_cell_one_half-f57c70f9f5a63fd800eb5b955b847c2a{\nvertical-align:top;\n}\n.responsive #top #wrap_all .flex_cell.av-av_cell_one_half-f57c70f9f5a63fd800eb5b955b847c2a{\npadding:30px 30px 30px 30px !important;\n}\n<\/style>\n<div class='flex_cell av-av_cell_one_half-f57c70f9f5a63fd800eb5b955b847c2a av-gridrow-cell av_one_half no_margin  avia-builder-el-2  el_after_av_cell_one_half  avia-builder-el-last ' ><div class='flex_cell_inner'><section  class='av_textblock_section av-knymt67m-fea2d15e3a5a9233591012d4486d73fe'  itemscope=\"itemscope\" itemtype=\"https:\/\/schema.org\/CreativeWork\" ><div class='avia_textblock'  itemprop=\"text\" ><h3>TIETOJA VECTORISTA<\/h3>\n<p>Etsitty\u00e4\u00e4n vuosia yksinkertaista tapaa, jolla matkatoimistot ja matkanj\u00e4rjest\u00e4j\u00e4t saisivat laillisten matkatakuiden vaatimusta vastaavan vakuuden, Ruotsin Matkatoimistoalan Liitto (SRF) perusti vuonna 2015 Vector Nordic AB:n. Vector ei ole alkuper\u00e4isajatuksen mukainen vakuutusyhti\u00f6, vaan on solminut yhteisty\u00f6sopimuksen Gar-Bo F\u00f6rs\u00e4kring AB:n kanssa. Gar-Bo on vakuuttaja ja Vector on nk. sidoksissa oleva vakuutusedustaja. Ruotsalaiset matkatoimistot ja matkanj\u00e4rjest\u00e4j\u00e4t ovat vuodesta 2017 l\u00e4htien voineet ottaa Vectorin kautta vakuutuksen Gar-Bossa, joka asettaa vaaditut matkatakuut Kamarikollegiolle ja naapurimaiden vastaaville laitoksille sek\u00e4 lis\u00e4ksi IATA:n ja Linkonin vaatimat takuut. My\u00f6s Norjan, Suomen, Tanskan, Islannin ja Viron matkatoimistoilla ja matkanj\u00e4rjest\u00e4jill\u00e4 on sama mahdollisuus.<\/p>\n<p>Vectorin omistaa SRF, Gar-Bo, SMAL Suomessa ja ETFL Virossa yhdess\u00e4 n. 70 pohjoismaalaisen ja virolaisen matkatoimiston kanssa. Vector ja Gar-Bo ovat solmineet monivuotisen yhteisty\u00f6sopimuksen, jonka mukaan Vector toimii takuuvakuutusten sidoksissa olevana vakuutusedustajana. Vector on vahva toimija matkatakuumarkkinoilla pitk\u00e4j\u00e4nnitteisen Gar-Bon kanssa vakiintuneen yhteisty\u00f6n kautta toimialan itse omistaessa yrityksen.<\/p>\n<p><a href=\"http:\/\/www.vectornordic.com\/fi\/tietoa-meista\/hallitus\/\">Hallitus<\/a><\/p>\n<p><a href=\"http:\/\/www.vectornordic.com\/fi\/tietoa-meista\/complaints\/\">Oikedelliset tiedot<\/a><\/p>\n<\/div><\/section>\n<\/div><\/div><\/div>\n","protected":false},"excerpt":{"rendered":"","protected":false},"author":2,"featured_media":0,"parent":0,"menu_order":0,"comment_status":"closed","ping_status":"closed","template":"","meta":[],"_links":{"self":[{"href":"https:\/\/www.vectornordic.com\/fi\/wp-json\/wp\/v2\/pages\/772"}],"collection":[{"href":"https:\/\/www.vectornordic.com\/fi\/wp-json\/wp\/v2\/pages"}],"about":[{"href":"https:\/\/www.vectornordic.com\/fi\/wp-json\/wp\/v2\/types\/page"}],"author":[{"embeddable":true,"href":"https:\/\/www.vectornordic.com\/fi\/wp-json\/wp\/v2\/users\/2"}],"replies":[{"embeddable":true,"href":"https:\/\/www.vectornordic.com\/fi\/wp-json\/wp\/v2\/comments?post=772"}],"version-history":[{"count":9,"href":"https:\/\/www.vectornordic.com\/fi\/wp-json\/wp\/v2\/pages\/772\/revisions"}],"predecessor-version":[{"id":2807,"href":"https:\/\/www.vectornordic.com\/fi\/wp-json\/wp\/v2\/pages\/772\/revisions\/2807"}],"wp:attachment":[{"href":"https:\/\/www.vectornordic.com\/fi\/wp-json\/wp\/v2\/media?parent=772"}],"curies":[{"name":"wp","href":"https:\/\/api.w.org\/{rel}","templated":true}]}}