{"id":775,"date":"2017-08-09T14:53:01","date_gmt":"2017-08-09T12:53:01","guid":{"rendered":"http:\/\/www.vectornordic.com\/?page_id=775"},"modified":"2025-06-02T21:46:57","modified_gmt":"2025-06-02T19:46:57","slug":"hallitus","status":"publish","type":"page","link":"https:\/\/www.vectornordic.com\/fi\/tietoa-meista\/hallitus\/","title":{"rendered":"Hallitus"},"content":{"rendered":"<section  class='av_textblock_section av-jzxq8v6g-9f01f60cef9196da92ec7ab105c94157'  itemscope=\"itemscope\" itemtype=\"https:\/\/schema.org\/CreativeWork\" ><div class='avia_textblock'  itemprop=\"text\" ><h3>TOIMITUSJOHTAJA<\/h3>\n<p>Pao-Ling R\u00f6jdmark<\/p>\n<h3>HALLITUS<\/h3>\n<p>Tomas G Olsson, puheenjohtaja<\/p>\n<p>Jonas Thyberg, j\u00e4sen<\/p>\n<p>Peter Stegar\u00e5s, j\u00e4sen<\/p>\n<p>Heli M\u00e4ki Fr\u00e4nti, j\u00e4sen<\/p>\n<p>Didrik von Seth, j\u00e4sen<\/p>\n<p>Enn Vilgo, varaj\u00e4sen<\/p>\n<h3><\/h3>\n<\/div><\/section>\n","protected":false},"excerpt":{"rendered":"","protected":false},"author":2,"featured_media":0,"parent":772,"menu_order":0,"comment_status":"closed","ping_status":"closed","template":"","meta":[],"_links":{"self":[{"href":"https:\/\/www.vectornordic.com\/fi\/wp-json\/wp\/v2\/pages\/775"}],"collection":[{"href":"https:\/\/www.vectornordic.com\/fi\/wp-json\/wp\/v2\/pages"}],"about":[{"href":"https:\/\/www.vectornordic.com\/fi\/wp-json\/wp\/v2\/types\/page"}],"author":[{"embeddable":true,"href":"https:\/\/www.vectornordic.com\/fi\/wp-json\/wp\/v2\/users\/2"}],"replies":[{"embeddable":true,"href":"https:\/\/www.vectornordic.com\/fi\/wp-json\/wp\/v2\/comments?post=775"}],"version-history":[{"count":12,"href":"https:\/\/www.vectornordic.com\/fi\/wp-json\/wp\/v2\/pages\/775\/revisions"}],"predecessor-version":[{"id":3683,"href":"https:\/\/www.vectornordic.com\/fi\/wp-json\/wp\/v2\/pages\/775\/revisions\/3683"}],"up":[{"embeddable":true,"href":"https:\/\/www.vectornordic.com\/fi\/wp-json\/wp\/v2\/pages\/772"}],"wp:attachment":[{"href":"https:\/\/www.vectornordic.com\/fi\/wp-json\/wp\/v2\/media?parent=775"}],"curies":[{"name":"wp","href":"https:\/\/api.w.org\/{rel}","templated":true}]}}