{"id":782,"date":"2017-08-09T15:06:16","date_gmt":"2017-08-09T13:06:16","guid":{"rendered":"http:\/\/www.vectornordic.com\/?page_id=782"},"modified":"2023-03-30T13:33:22","modified_gmt":"2023-03-30T11:33:22","slug":"ehdot","status":"publish","type":"page","link":"https:\/\/www.vectornordic.com\/fi\/vakuudet\/ehdot\/","title":{"rendered":"Ehdot"},"content":{"rendered":"<section  class='av_textblock_section av-jzxv3z1h-55c80fba303bbf0c144e4d1a2738afd3'  itemscope=\"itemscope\" itemtype=\"https:\/\/schema.org\/CreativeWork\" ><div class='avia_textblock'  itemprop=\"text\" ><h3>VAKUUTUSEHDOT<\/h3>\n<p><strong><a href=\"https:\/\/www.vectornordic.com\/wp-content\/uploads\/2023\/03\/Forsakringsvillkor-Finland-DEC-2022-FIN.pdf\" target=\"_blank\" rel=\"noopener\">Insurance Conditions, Travel Guarantee Insurance Finland<\/a><\/strong><\/p>\n<h3><\/h3>\n<h3><\/h3>\n<h3><\/h3>\n<h3><\/h3>\n<h3><\/h3>\n<h3>VAKUUSMAKSUT<\/h3>\n<p>Vakuusmaksut riippuvat jokaisen yrityksen taloudellisesta tilasta ja vakuuksien suuruudesta.<\/p>\n<p>Seuraavat v\u00e4himm\u00e4ismaksut perit\u00e4\u00e4n 1.1.2023 alkaen jos toistaiseksi voimassa olevat vakuudet ja mahdolliset m\u00e4\u00e4r\u00e4aikaiset vakuudet j\u00e4\u00e4v\u00e4t alle seuraavien summien:<\/p>\n<ul>\n<li>SEK 8 000 SMAL:in j\u00e4senille<\/li>\n<li>SEK 10 000 ei j\u00e4senille<\/li>\n<\/ul>\n<p><em>Esimerkki: Toistaiseksi voimassa olevan (voimassa vuoden kerrallaan) 100 000 kruunun vakuuden kustannus, jonka maksuksi on sovittu 5,0 %, ei siis ole 5 000 kruunua vaan 8 000 kruunua SMAL:in j\u00e4senille.<\/em><\/p>\n<p>M\u00e4\u00e4r\u00e4aikaisista vuoden aikana erikseen sovituista vakuuksista perit\u00e4\u00e4n 2 000 kruunun v\u00e4himm\u00e4ismaksu.<\/p>\n<p><em>Esimerkki: Matkanj\u00e4rjest\u00e4j\u00e4 on asettanut miljoonan kruunun matkavakuuden (toistaiseksi voimassa oleva) ja maksaa t\u00e4st\u00e4 5,0 % eli 50 000 kruunua. Samana vuonna yritys saa Kilpailu- ja kuluttajaviraston p\u00e4\u00e4t\u00f6ksen, jonka mukaan yrityksen t\u00e4ytyy hein\u00e4-elokuussa maksaa viel\u00e4 lis\u00e4ksi 100 000 kruunua. 5,0 %:n maksuprosentin mukaan kustannus on 833 kruunua. Vector perii kuitenkin 2 000 kruunun v\u00e4himm\u00e4ismaksun. <\/em><\/p>\n<p>K\u00e4sittelymaksuja tai muita maksuja ei perit\u00e4.<\/p>\n<p>Niin useissa tapauksissa kuin mahdollista, riippuen yrityksen taloudellisesta tilasta, emme vaadi vastavakuita.<\/p>\n<h3><\/h3>\n<\/div><\/section>\n","protected":false},"excerpt":{"rendered":"","protected":false},"author":2,"featured_media":0,"parent":785,"menu_order":0,"comment_status":"closed","ping_status":"closed","template":"","meta":[],"_links":{"self":[{"href":"https:\/\/www.vectornordic.com\/fi\/wp-json\/wp\/v2\/pages\/782"}],"collection":[{"href":"https:\/\/www.vectornordic.com\/fi\/wp-json\/wp\/v2\/pages"}],"about":[{"href":"https:\/\/www.vectornordic.com\/fi\/wp-json\/wp\/v2\/types\/page"}],"author":[{"embeddable":true,"href":"https:\/\/www.vectornordic.com\/fi\/wp-json\/wp\/v2\/users\/2"}],"replies":[{"embeddable":true,"href":"https:\/\/www.vectornordic.com\/fi\/wp-json\/wp\/v2\/comments?post=782"}],"version-history":[{"count":28,"href":"https:\/\/www.vectornordic.com\/fi\/wp-json\/wp\/v2\/pages\/782\/revisions"}],"predecessor-version":[{"id":3165,"href":"https:\/\/www.vectornordic.com\/fi\/wp-json\/wp\/v2\/pages\/782\/revisions\/3165"}],"up":[{"embeddable":true,"href":"https:\/\/www.vectornordic.com\/fi\/wp-json\/wp\/v2\/pages\/785"}],"wp:attachment":[{"href":"https:\/\/www.vectornordic.com\/fi\/wp-json\/wp\/v2\/media?parent=782"}],"curies":[{"name":"wp","href":"https:\/\/api.w.org\/{rel}","templated":true}]}}