{"id":785,"date":"2017-08-09T15:08:06","date_gmt":"2017-08-09T13:08:06","guid":{"rendered":"http:\/\/www.vectornordic.com\/?page_id=785"},"modified":"2017-08-17T12:28:23","modified_gmt":"2017-08-17T10:28:23","slug":"vakuudet","status":"publish","type":"page","link":"https:\/\/www.vectornordic.com\/fi\/vakuudet\/","title":{"rendered":"Vakuudet"},"content":{"rendered":"\n<style type=\"text\/css\" data-created_by=\"avia_inline_auto\" id=\"style-css-av-av_one_full-d71a51a707c4656b37c9afbbd6138215\">\n.flex_column.av-av_one_full-d71a51a707c4656b37c9afbbd6138215{\n-webkit-border-radius:0px 0px 0px 0px;\n-moz-border-radius:0px 0px 0px 0px;\nborder-radius:0px 0px 0px 0px;\npadding:0px 0px 0px 0px;\n}\n<\/style>\n<div class='flex_column av-av_one_full-d71a51a707c4656b37c9afbbd6138215 av_one_full  avia-builder-el-0  avia-builder-el-no-sibling  first flex_column_div av-animated-generic bottom-to-top av-zero-column-padding '     ><p>\n<style type=\"text\/css\" data-created_by=\"avia_inline_auto\" id=\"style-css-av-av_heading-083c3a03e5dd9d23172d6531cdd58ae0\">\n#top .av-special-heading.av-av_heading-083c3a03e5dd9d23172d6531cdd58ae0{\npadding-bottom:10px;\n}\nbody .av-special-heading.av-av_heading-083c3a03e5dd9d23172d6531cdd58ae0 .av-special-heading-tag .heading-char{\nfont-size:25px;\n}\n.av-special-heading.av-av_heading-083c3a03e5dd9d23172d6531cdd58ae0 .av-subheading{\nfont-size:15px;\n}\n<\/style>\n<div  class='av-special-heading av-av_heading-083c3a03e5dd9d23172d6531cdd58ae0 av-special-heading-h3 blockquote modern-quote  avia-builder-el-1  el_before_av_textblock  avia-builder-el-first '><h3 class='av-special-heading-tag'  itemprop=\"headline\"  >VAKUUDET\/MAKSUSITOUMUKSET<\/h3><div class=\"special-heading-border\"><div class=\"special-heading-inner-border\"><\/div><\/div><\/div><br \/>\n<section  class='av_textblock_section av-av_textblock-396ddf1f42196ca838231e61a4602801'  itemscope=\"itemscope\" itemtype=\"https:\/\/schema.org\/CreativeWork\" ><div class='avia_textblock'  itemprop=\"text\" ><p>T\u00e4st\u00e4 voit pyyt\u00e4\u00e4 tarjouksen ja tilata vakuudet (maksusitoumukset), jotka yrityksesi t\u00e4ytyy asettaa, esimerkiksi matkavakuudet Kilpailu- ja kuluttajavirastolle, vakuudet IATA:lle tai muille tahoille.<br \/>\n\n<div class=\"wpcf7 no-js\" id=\"wpcf7-f854-o1\" lang=\"sv-SE\" dir=\"ltr\">\n<div class=\"screen-reader-response\"><p role=\"status\" aria-live=\"polite\" aria-atomic=\"true\"><\/p> <ul><\/ul><\/div>\n<form action=\"\/fi\/wp-json\/wp\/v2\/pages\/785#wpcf7-f854-o1\" method=\"post\" class=\"wpcf7-form init\" aria-label=\"Kontaktformul\u00e4r\" enctype=\"multipart\/form-data\" novalidate=\"novalidate\" data-status=\"init\">\n<div style=\"display: none;\">\n<input type=\"hidden\" name=\"_wpcf7\" value=\"854\" \/>\n<input type=\"hidden\" name=\"_wpcf7_version\" value=\"5.7.7\" \/>\n<input type=\"hidden\" name=\"_wpcf7_locale\" value=\"sv_SE\" \/>\n<input type=\"hidden\" name=\"_wpcf7_unit_tag\" value=\"wpcf7-f854-o1\" \/>\n<input type=\"hidden\" name=\"_wpcf7_container_post\" value=\"0\" \/>\n<input type=\"hidden\" name=\"_wpcf7_posted_data_hash\" value=\"\" \/>\n<input type=\"hidden\" name=\"_wpcf7cf_hidden_group_fields\" value=\"[]\" \/>\n<input type=\"hidden\" name=\"_wpcf7cf_hidden_groups\" value=\"[]\" \/>\n<input type=\"hidden\" name=\"_wpcf7cf_visible_groups\" value=\"[]\" \/>\n<input type=\"hidden\" name=\"_wpcf7cf_repeaters\" value=\"[]\" \/>\n<input type=\"hidden\" name=\"_wpcf7cf_steps\" value=\"{}\" \/>\n<input type=\"hidden\" name=\"_wpcf7cf_options\" value=\"{&quot;form_id&quot;:854,&quot;conditions&quot;:[],&quot;settings&quot;:{&quot;animation&quot;:&quot;yes&quot;,&quot;animation_intime&quot;:200,&quot;animation_outtime&quot;:200,&quot;conditions_ui&quot;:&quot;normal&quot;,&quot;notice_dismissed&quot;:false,&quot;repeater_remove_button&quot;:&quot;bottom&quot;}}\" \/>\n<\/div>\n<p>Yrityksen tiedot\n<\/p>\n<div class=\"col-md-6\" >\n\t<p>Yritystunnus (*)<br \/>\n<span class=\"wpcf7-form-control-wrap\" data-name=\"your-organisationsnummer\"><input size=\"40\" class=\"wpcf7-form-control wpcf7-text wpcf7-validates-as-required\" id=\"your-organisationsnummer\" aria-required=\"true\" aria-invalid=\"false\" value=\"\" type=\"text\" name=\"your-organisationsnummer\" \/><\/span>\n\t<\/p>\n<\/div>\n<div class=\"col-md-6\" >\n\t<p>Yrityksen nimi (*)<br \/>\n<span class=\"wpcf7-form-control-wrap\" data-name=\"your-name\"><input size=\"40\" class=\"wpcf7-form-control wpcf7-text wpcf7-validates-as-required\" id=\"your-name\" aria-required=\"true\" aria-invalid=\"false\" value=\"\" type=\"text\" name=\"your-name\" \/><\/span>\n\t<\/p>\n<\/div>\n<div class=\"col-md-6\" \">\n\t<p>Yhteyshenkil\u00f6\n\t<\/p>\n<\/div>\n<div class=\"col-md-6\" style=\"width: 50%!important;float: left;\">\n\t<p><span class=\"wpcf7-form-control-wrap\" data-name=\"your-fname\"><input size=\"40\" class=\"wpcf7-form-control wpcf7-text\" id=\"your-fname\" aria-invalid=\"false\" value=\"\" type=\"text\" name=\"your-fname\" \/><\/span>\n\t<\/p>\n<\/div>\n<div class=\"col-md-6\" style=\"width: 49%!important;float: left;margin-left: 5px;}\">\n\t<p><span class=\"wpcf7-form-control-wrap\" data-name=\"your-ename\"><input size=\"40\" class=\"wpcf7-form-control wpcf7-text\" id=\"your-ename\" aria-invalid=\"false\" value=\"\" type=\"text\" name=\"your-ename\" \/><\/span>\n\t<\/p>\n<\/div>\n<div class=\"col-md-6\">\n\t<p>S-postiosoite (*)<br \/>\n<span class=\"wpcf7-form-control-wrap\" data-name=\"your-email\"><input size=\"40\" class=\"wpcf7-form-control wpcf7-text wpcf7-email wpcf7-validates-as-required wpcf7-validates-as-email\" id=\"your-email\" aria-required=\"true\" aria-invalid=\"false\" value=\"\" type=\"email\" name=\"your-email\" \/><\/span>\n\t<\/p>\n<\/div>\n<p><label> Puhelinnro(*)<br \/>\n<span class=\"wpcf7-form-control-wrap\" data-name=\"your-phone\"><input size=\"40\" class=\"wpcf7-form-control wpcf7-text wpcf7-validates-as-required\" id=\"your-phone\" aria-required=\"true\" aria-invalid=\"false\" value=\"\" type=\"text\" name=\"your-phone\" \/><\/span> <\/label>\n<\/p>\n<div class=\"col-md-6\" \">\n<\/div>\n<div class=\"col-md-6\" style=\"margin-top:40px;\">\n\t<p>Liit\u00e4 kopio KKV:n, IATA:n,tai muiden tahojen p\u00e4\u00e4t\u00f6ksest\u00e4.\n\t<\/p>\n\t<p>Liitteet<br \/>\n<span class=\"wpcf7-form-control-wrap\" data-name=\"file-bilagor\"><input size=\"40\" class=\"wpcf7-form-control wpcf7-file\" id=\"file-bilagor\" accept=\".docx,.pdf,.doc,.txt\" aria-invalid=\"false\" type=\"file\" name=\"file-bilagor\" \/><\/span>\n\t<\/p>\n<\/div>\n<div class=\"col-md-6\" >\n<\/div>\n<p><label> Viesti<br \/>\n<span class=\"wpcf7-form-control-wrap\" data-name=\"meddelande\"><textarea cols=\"40\" rows=\"10\" class=\"wpcf7-form-control wpcf7-textarea\" id=\"meddelande\" aria-invalid=\"false\" name=\"meddelande\"><\/textarea><\/span><\/label>\n<\/p>\n<p>* Pakollinen\n<\/p>\n<p><span class=\"wpcf7-form-control-wrap wpgdprc\"><span class=\"wpcf7-form-control wpcf7-validates-as-required wpcf7-wpgdprc\"><span class=\"wpcf7-list-item\"><input type=\"checkbox\" name=\"wpgdprc\" value=\"1\" aria-required=\"true\" aria-invalid=\"false\" \/><span class=\"wpcf7-list-item-label\">Genom att anv\u00e4nda detta formul\u00e4r accepterar du att denna webbplats lagrar och bearbetar dina uppgifter.<\/span><\/span><\/span>    <\/span>\n<\/p>\n<p><input class=\"wpcf7-form-control has-spinner wpcf7-submit\" type=\"submit\" value=\"L\u00e4het\u00e4\" \/>\n<\/p><div class=\"wpcf7-response-output\" aria-hidden=\"true\"><\/div>\n<\/form>\n<\/div>\n<\/p>\n<\/div><\/section><\/p><\/div>\n","protected":false},"excerpt":{"rendered":"","protected":false},"author":2,"featured_media":0,"parent":0,"menu_order":0,"comment_status":"open","ping_status":"open","template":"","meta":[],"_links":{"self":[{"href":"https:\/\/www.vectornordic.com\/fi\/wp-json\/wp\/v2\/pages\/785"}],"collection":[{"href":"https:\/\/www.vectornordic.com\/fi\/wp-json\/wp\/v2\/pages"}],"about":[{"href":"https:\/\/www.vectornordic.com\/fi\/wp-json\/wp\/v2\/types\/page"}],"author":[{"embeddable":true,"href":"https:\/\/www.vectornordic.com\/fi\/wp-json\/wp\/v2\/users\/2"}],"replies":[{"embeddable":true,"href":"https:\/\/www.vectornordic.com\/fi\/wp-json\/wp\/v2\/comments?post=785"}],"version-history":[{"count":7,"href":"https:\/\/www.vectornordic.com\/fi\/wp-json\/wp\/v2\/pages\/785\/revisions"}],"predecessor-version":[{"id":2232,"href":"https:\/\/www.vectornordic.com\/fi\/wp-json\/wp\/v2\/pages\/785\/revisions\/2232"}],"wp:attachment":[{"href":"https:\/\/www.vectornordic.com\/fi\/wp-json\/wp\/v2\/media?parent=785"}],"curies":[{"name":"wp","href":"https:\/\/api.w.org\/{rel}","templated":true}]}}