{"id":655,"date":"2017-07-06T20:05:34","date_gmt":"2017-07-06T18:05:34","guid":{"rendered":"http:\/\/www.vectornordic.com\/?page_id=655"},"modified":"2019-01-19T17:02:02","modified_gmt":"2019-01-19T16:02:02","slug":"hjem","status":"publish","type":"page","link":"https:\/\/www.vectornordic.com\/nb\/","title":{"rendered":"Hjem"},"content":{"rendered":"<div id='full_slider_1'  class='avia-fullwidth-slider main_color avia-shadow   avia-builder-el-0  el_before_av_section  avia-builder-el-first   container_wrap fullsize'  ><div  class='avia-slideshow av-av_slideshow_full-43ade9aaa07fbc3dcd7bf07ad114380a avia-slideshow-featured_large av_slideshow_full avia-fade-slider av-slideshow-ui av-control-minimal av-slideshow-autoplay av-loop-endless av-loop-manual-endless av-default-height-applied   avia-slideshow-1' data-slideshow-options=\"{&quot;animation&quot;:&quot;fade&quot;,&quot;autoplay&quot;:true,&quot;loop_autoplay&quot;:&quot;endless&quot;,&quot;interval&quot;:5,&quot;loop_manual&quot;:&quot;manual-endless&quot;,&quot;autoplay_stopper&quot;:false,&quot;noNavigation&quot;:false,&quot;bg_slider&quot;:false,&quot;keep_padding&quot;:false,&quot;hoverpause&quot;:false,&quot;show_slide_delay&quot;:0}\"  itemprop=\"image\" itemscope=\"itemscope\" itemtype=\"https:\/\/schema.org\/ImageObject\" ><ul class='avia-slideshow-inner ' style='padding-bottom: 22.900763358779%;'><li  class='avia-slideshow-slide av-av_slideshow_full-43ade9aaa07fbc3dcd7bf07ad114380a__0  av-single-slide slide-1 slide-odd'><div data-rel='slideshow-1' class='avia-slide-wrap '   ><img decoding=\"async\" class=\"wp-image-623 avia-img-lazy-loading-not-623\"  src=\"https:\/\/www.vectornordic.com\/wp-content\/uploads\/2015\/07\/shutterstock_561680152-2.jpg\" width=\"1310\" height=\"300\" title='shutterstock_561680152-2' alt=''  itemprop=\"thumbnailUrl\" srcset=\"https:\/\/www.vectornordic.com\/wp-content\/uploads\/2015\/07\/shutterstock_561680152-2.jpg 1310w, https:\/\/www.vectornordic.com\/wp-content\/uploads\/2015\/07\/shutterstock_561680152-2-300x69.jpg 300w, https:\/\/www.vectornordic.com\/wp-content\/uploads\/2015\/07\/shutterstock_561680152-2-768x176.jpg 768w, https:\/\/www.vectornordic.com\/wp-content\/uploads\/2015\/07\/shutterstock_561680152-2-1030x236.jpg 1030w, https:\/\/www.vectornordic.com\/wp-content\/uploads\/2015\/07\/shutterstock_561680152-2-705x161.jpg 705w, https:\/\/www.vectornordic.com\/wp-content\/uploads\/2015\/07\/shutterstock_561680152-2-450x103.jpg 450w\" sizes=\"(max-width: 1310px) 100vw, 1310px\" \/><\/div><\/li><\/ul><\/div><\/div>\n<div id='av_section_1'  class='avia-section av-av_section-43fa913dbbd7170bb5693496c11aa38b main_color avia-section-large avia-no-border-styling  avia-builder-el-1  el_after_av_slideshow_full  avia-builder-el-last  avia-bg-style-scroll container_wrap fullsize'  ><div class='container av-section-cont-open' ><div class='template-page content  av-content-full alpha units'><div class='post-entry post-entry-type-page post-entry-655'><div class='entry-content-wrapper clearfix'>\n\n<style type=\"text\/css\" data-created_by=\"avia_inline_auto\" id=\"style-css-av-av_one_full-d71a51a707c4656b37c9afbbd6138215\">\n.flex_column.av-av_one_full-d71a51a707c4656b37c9afbbd6138215{\n-webkit-border-radius:0px 0px 0px 0px;\n-moz-border-radius:0px 0px 0px 0px;\nborder-radius:0px 0px 0px 0px;\npadding:0px 0px 0px 0px;\n}\n<\/style>\n<div class='flex_column av-av_one_full-d71a51a707c4656b37c9afbbd6138215 av_one_full  avia-builder-el-2  avia-builder-el-no-sibling  first flex_column_div av-animated-generic bottom-to-top av-zero-column-padding '     ><section  class='av_textblock_section av-jr3nuvi1-4343420e136edd9bd799fe9b24988c43'  itemscope=\"itemscope\" itemtype=\"https:\/\/schema.org\/CreativeWork\" ><div class='avia_textblock'  itemprop=\"text\" ><p>Vector Nordic er reisebransjens egen forsikringsl\u00f8sning for reisegarantier og andre garantikrav. Som tilknyttet forsikringsformidler til Gar-Bo F\u00f6rs\u00e4kring AB tilbyr Vector reisebyr\u00e5er og reisearrang\u00f8rer i Norden sikkerhetsstillelse for i f\u00f8rste omgang reisegarantier, men ogs\u00e5 for de garantier som IATA og\u00a0SilverRail krever.<\/p>\n<p>Gjennom Vector f\u00e5r reiseforetakene adgang til sikkerhetsstillelse i form av garantiforpliktelser til konkurransedyktige premier uten etableringsgebyr og s\u00e5 vidt mulig uten krav p\u00e5 sikkerhetsstillelse.<\/p>\n<p>Gjennom reisebransjens egen forsikringsl\u00f8sning, Vector, kan du enkelt dekke ditt behov for sikkerhetsstillelse, enten det gjelder tidsubegrensede garantier eller tidsbegrensede garantier.\u00a0For at f\u00e5 et tilbud og mer informasjon g\u00e5 videre til <a href=\"http:\/\/www.vectornordic.com\/nb\/garantier\/\"><strong>Sikkerhetsstillelse<\/strong><\/a>.<\/p>\n<\/div><\/section><\/div>\n","protected":false},"excerpt":{"rendered":"","protected":false},"author":2,"featured_media":0,"parent":0,"menu_order":0,"comment_status":"open","ping_status":"closed","template":"","meta":[],"_links":{"self":[{"href":"https:\/\/www.vectornordic.com\/nb\/wp-json\/wp\/v2\/pages\/655"}],"collection":[{"href":"https:\/\/www.vectornordic.com\/nb\/wp-json\/wp\/v2\/pages"}],"about":[{"href":"https:\/\/www.vectornordic.com\/nb\/wp-json\/wp\/v2\/types\/page"}],"author":[{"embeddable":true,"href":"https:\/\/www.vectornordic.com\/nb\/wp-json\/wp\/v2\/users\/2"}],"replies":[{"embeddable":true,"href":"https:\/\/www.vectornordic.com\/nb\/wp-json\/wp\/v2\/comments?post=655"}],"version-history":[{"count":8,"href":"https:\/\/www.vectornordic.com\/nb\/wp-json\/wp\/v2\/pages\/655\/revisions"}],"predecessor-version":[{"id":1683,"href":"https:\/\/www.vectornordic.com\/nb\/wp-json\/wp\/v2\/pages\/655\/revisions\/1683"}],"wp:attachment":[{"href":"https:\/\/www.vectornordic.com\/nb\/wp-json\/wp\/v2\/media?parent=655"}],"curies":[{"name":"wp","href":"https:\/\/api.w.org\/{rel}","templated":true}]}}