{"id":896,"date":"2017-08-11T08:44:28","date_gmt":"2017-08-11T06:44:28","guid":{"rendered":"http:\/\/www.vectornordic.com\/?page_id=896"},"modified":"2021-04-26T15:13:11","modified_gmt":"2021-04-26T13:13:11","slug":"om-oss","status":"publish","type":"page","link":"https:\/\/www.vectornordic.com\/nb\/om-oss\/","title":{"rendered":"Om oss"},"content":{"rendered":"<div id='av-layout-grid-1'  class='av-layout-grid-container av-m3ozc-694c820e65556a75358e572d0343e857 entry-content-wrapper main_color av-flex-cells  avia-builder-el-0  avia-builder-el-no-sibling   container_wrap fullsize'  >\n\n<style type=\"text\/css\" data-created_by=\"avia_inline_auto\" id=\"style-css-av-f2o6o-2545339835b1d8c22228604cf9562aaf\">\n.flex_cell.av-f2o6o-2545339835b1d8c22228604cf9562aaf{\nvertical-align:top;\nbackground:url(https:\/\/www.vectornordic.com\/wp-content\/uploads\/2017\/05\/1380824.jpg) 100% 0% no-repeat scroll ;\n}\n.responsive #top #wrap_all .flex_cell.av-f2o6o-2545339835b1d8c22228604cf9562aaf{\npadding:300px 300px 300px 300px !important;\n}\n<\/style>\n<div class='flex_cell av-f2o6o-2545339835b1d8c22228604cf9562aaf av-gridrow-cell av_one_half no_margin  avia-builder-el-1  el_before_av_cell_one_half  avia-builder-el-first ' ><div class='flex_cell_inner'><\/div><\/div>\n<style type=\"text\/css\" data-created_by=\"avia_inline_auto\" id=\"style-css-av-782ko-cc9077aa46f0a1acf6c79f69d2f35fa2\">\n.flex_cell.av-782ko-cc9077aa46f0a1acf6c79f69d2f35fa2{\nvertical-align:top;\n}\n.responsive #top #wrap_all .flex_cell.av-782ko-cc9077aa46f0a1acf6c79f69d2f35fa2{\npadding:30px 30px 30px 30px !important;\n}\n<\/style>\n<div class='flex_cell av-782ko-cc9077aa46f0a1acf6c79f69d2f35fa2 av-gridrow-cell av_one_half no_margin  avia-builder-el-2  el_after_av_cell_one_half  avia-builder-el-last ' ><div class='flex_cell_inner'><section  class='av_textblock_section av-knym0y9t-ffc1fecde53c7f63faad75be809817a4'  itemscope=\"itemscope\" itemtype=\"https:\/\/schema.org\/CreativeWork\" ><div class='avia_textblock'  itemprop=\"text\" ><h3>OM VECTOR<\/h3>\n<p>Etter mange \u00e5rs arbeid for \u00e5 finne en enkel m\u00e5te \u00e5 utstyre reisebyr\u00e5er og reisearrang\u00f8rer med sikkerhetsstillelse for krav om \u00e5 stille lovpliktige reisegarantier, dannet Svenska Resebyr\u00e5f\u00f6reningen (SRF) Vector Nordic AB 2015. Vector er ikke et forsikringsselskap, som tanken var i utgangspunktet, men har inng\u00e5tt en samarbeidsavtale med Gar-Bo F\u00f6rs\u00e4kring AB. Gar-Bo yter forsikring og Vector er s\u00e5kalt tilknyttet forsikringsmekler. Fra 2017 har svenske reisebyr\u00e5er kunnet tegne forsikring via Vector hos Gar-Bo, som stiller de n\u00f8dvendige reisegarantiene til Kammarkollegiet og tilsvarende ordninger i nabolandene liksom garantier til IATA og SilverRail. Det samme gjelder reisebyr\u00e5er og reisearrang\u00f8rer p\u00e5 Island, i Danmark, Estland, Finland og Norge.<\/p>\n<p>Vector eies av SRF, Gar-Bo, SRFs s\u00f8sterorganisasjoner i Finland, SMAL, og Estland, ETFL, og et syttitalls reisebyr\u00e5er i Norden og Estland. Vector og Gar-Bo har tegnet en fler\u00e5rig samarbeidsavtale der Vector agerer som tilknyttet forsikringsformidler for Gar-Bos garantiforsikringstjenester. Siden selskapet eies av bransjen selv og gjennom det langsiktige samarbeidet med Gar-Bo, er Vector en sterk akt\u00f8r p\u00e5 reisegarantimarkedet.<\/p>\n<p><a href=\"https:\/\/www.vectornordic.com\/wp-content\/uploads\/2021\/04\/Ang\u00e5ende-Prop.-107-S-2020-2021-Vector-Nordic-1.pdf\" target=\"_blank\" rel=\"noopener noreferrer\">Vectors svar p\u00e5 regjeringens Prop. 107 S<\/a>\u00a0(2020\u20132021) til Stortinget.<\/p>\n<p><a href=\"http:\/\/www.vectornordic.com\/nb\/om-oss\/styre\/\">Styre<\/a><\/p>\n<p><a href=\"http:\/\/www.vectornordic.com\/nb\/om-oss\/complaints\/\">Juridisk informasjon<\/a><\/p>\n<\/div><\/section>\n<\/div><\/div><\/div>\n","protected":false},"excerpt":{"rendered":"","protected":false},"author":2,"featured_media":0,"parent":0,"menu_order":0,"comment_status":"closed","ping_status":"closed","template":"","meta":[],"_links":{"self":[{"href":"https:\/\/www.vectornordic.com\/nb\/wp-json\/wp\/v2\/pages\/896"}],"collection":[{"href":"https:\/\/www.vectornordic.com\/nb\/wp-json\/wp\/v2\/pages"}],"about":[{"href":"https:\/\/www.vectornordic.com\/nb\/wp-json\/wp\/v2\/types\/page"}],"author":[{"embeddable":true,"href":"https:\/\/www.vectornordic.com\/nb\/wp-json\/wp\/v2\/users\/2"}],"replies":[{"embeddable":true,"href":"https:\/\/www.vectornordic.com\/nb\/wp-json\/wp\/v2\/comments?post=896"}],"version-history":[{"count":13,"href":"https:\/\/www.vectornordic.com\/nb\/wp-json\/wp\/v2\/pages\/896\/revisions"}],"predecessor-version":[{"id":2796,"href":"https:\/\/www.vectornordic.com\/nb\/wp-json\/wp\/v2\/pages\/896\/revisions\/2796"}],"wp:attachment":[{"href":"https:\/\/www.vectornordic.com\/nb\/wp-json\/wp\/v2\/media?parent=896"}],"curies":[{"name":"wp","href":"https:\/\/api.w.org\/{rel}","templated":true}]}}